{"id":57,"date":"2022-04-26T15:18:21","date_gmt":"2022-04-26T12:18:21","guid":{"rendered":"https:\/\/mymanet.net\/?page_id=57"},"modified":"2025-08-14T00:02:27","modified_gmt":"2025-08-13T21:02:27","slug":"my-gallery","status":"publish","type":"page","link":"https:\/\/mymanet.net\/home\/my-gallery\/","title":{"rendered":"My Gallery"},"content":{"rendered":"\n<p class=\"wp-block-paragraph\">On this page, I collect artwork <br>\u2013 created by myself, <br>&#8211;  suggested by you, <br>&#8211;  and examples from other painters.<\/p>\n\n\n\n<p class=\"wp-block-paragraph\">To introduce myself, I include a link to&nbsp;a video of a small virtual and&nbsp;personal exhibition:<\/p>\n\n\n\n<p class=\"wp-block-paragraph\"> \u201cLooking back\u2026before moving forward 1960-2020\u201d on YouTube.<\/p>\n\n\n\n<p class=\"wp-block-paragraph\"><a href=\"https:\/\/youtu.be\/FgI4z_QsQLU\">VIDEO: &#8220;Looking back&#8230;&#8221;<\/a><\/p>\n\n\n\n<p class=\"wp-block-paragraph\"><br>And here some recent work exhibited by the J\u00e4rvenp\u00e4\u00e4 Art Society:<\/p>\n\n\n\n<p class=\"wp-block-paragraph\"><\/p>\n\n\n\n<p class=\"wp-block-paragraph\">Waiting Women  (2024)<\/p>\n\n\n\n<figure class=\"wp-block-image size-large\"><img fetchpriority=\"high\" decoding=\"async\" width=\"1024\" height=\"811\" src=\"https:\/\/mymanet.net\/wp-content\/uploads\/WomenWaiting-outside-Lr-1024x811.jpg\" alt=\"\" class=\"wp-image-2948\" srcset=\"https:\/\/mymanet.net\/wp-content\/uploads\/WomenWaiting-outside-Lr-1024x811.jpg 1024w, https:\/\/mymanet.net\/wp-content\/uploads\/WomenWaiting-outside-Lr-300x237.jpg 300w, https:\/\/mymanet.net\/wp-content\/uploads\/WomenWaiting-outside-Lr-768x608.jpg 768w, https:\/\/mymanet.net\/wp-content\/uploads\/WomenWaiting-outside-Lr-1536x1216.jpg 1536w, https:\/\/mymanet.net\/wp-content\/uploads\/WomenWaiting-outside-Lr-2048x1621.jpg 2048w, https:\/\/mymanet.net\/wp-content\/uploads\/WomenWaiting-outside-Lr-900x712.jpg 900w, https:\/\/mymanet.net\/wp-content\/uploads\/WomenWaiting-outside-Lr-1280x1013.jpg 1280w\" sizes=\"(max-width: 1024px) 100vw, 1024px\" \/><figcaption class=\"wp-element-caption\">WomenWaiting outside<\/figcaption><\/figure>\n\n\n\n<p class=\"wp-block-paragraph\">Reading Agatha  (2024)<\/p>\n\n\n\n<figure class=\"wp-block-image size-full\"><img decoding=\"async\" width=\"2560\" height=\"2060\" src=\"https:\/\/mymanet.net\/wp-content\/uploads\/Reading-Agatha-final-1-scaled.jpg\" alt=\"\" class=\"wp-image-2947\"\/><\/figure>\n\n\n\n<p class=\"wp-block-paragraph\">Two Nudes (2024)<\/p>\n\n\n\n<figure class=\"wp-block-image size-large is-resized\"><img decoding=\"async\" width=\"731\" height=\"1024\" src=\"https:\/\/mymanet.net\/wp-content\/uploads\/Two-Nudes-corrected-print-731x1024.jpg\" alt=\"\" class=\"wp-image-2945\" style=\"aspect-ratio:0.713867758923347;width:383px;height:auto\" srcset=\"https:\/\/mymanet.net\/wp-content\/uploads\/Two-Nudes-corrected-print-731x1024.jpg 731w, https:\/\/mymanet.net\/wp-content\/uploads\/Two-Nudes-corrected-print-214x300.jpg 214w, https:\/\/mymanet.net\/wp-content\/uploads\/Two-Nudes-corrected-print-768x1075.jpg 768w, https:\/\/mymanet.net\/wp-content\/uploads\/Two-Nudes-corrected-print-1097x1536.jpg 1097w, https:\/\/mymanet.net\/wp-content\/uploads\/Two-Nudes-corrected-print-1463x2048.jpg 1463w, https:\/\/mymanet.net\/wp-content\/uploads\/Two-Nudes-corrected-print-900x1260.jpg 900w, https:\/\/mymanet.net\/wp-content\/uploads\/Two-Nudes-corrected-print-1280x1792.jpg 1280w, https:\/\/mymanet.net\/wp-content\/uploads\/Two-Nudes-corrected-print-scaled.jpg 1828w\" sizes=\"(max-width: 731px) 100vw, 731px\" \/><\/figure>\n\n\n\n<p class=\"wp-block-paragraph\">In the Cafe (2023)<\/p>\n\n\n\n<figure class=\"wp-block-image size-large\"><img loading=\"lazy\" decoding=\"async\" width=\"1024\" height=\"821\" src=\"https:\/\/mymanet.net\/wp-content\/uploads\/XXIn-the-Cafe-2-Looking-3-1024x821.jpg\" alt=\"\" class=\"wp-image-2944\" srcset=\"https:\/\/mymanet.net\/wp-content\/uploads\/XXIn-the-Cafe-2-Looking-3-1024x821.jpg 1024w, https:\/\/mymanet.net\/wp-content\/uploads\/XXIn-the-Cafe-2-Looking-3-300x241.jpg 300w, https:\/\/mymanet.net\/wp-content\/uploads\/XXIn-the-Cafe-2-Looking-3-768x616.jpg 768w, https:\/\/mymanet.net\/wp-content\/uploads\/XXIn-the-Cafe-2-Looking-3-1536x1232.jpg 1536w, https:\/\/mymanet.net\/wp-content\/uploads\/XXIn-the-Cafe-2-Looking-3-2048x1642.jpg 2048w, https:\/\/mymanet.net\/wp-content\/uploads\/XXIn-the-Cafe-2-Looking-3-900x722.jpg 900w, https:\/\/mymanet.net\/wp-content\/uploads\/XXIn-the-Cafe-2-Looking-3-1280x1026.jpg 1280w\" sizes=\"(max-width: 1024px) 100vw, 1024px\" \/><\/figure>\n\n\n\n<p class=\"wp-block-paragraph\">Passing Rita (2023)<\/p>\n\n\n\n<figure class=\"wp-block-image size-large\"><img loading=\"lazy\" decoding=\"async\" width=\"1024\" height=\"832\" src=\"https:\/\/mymanet.net\/wp-content\/uploads\/XXPassing-Rita-Looking-2-1024x832.jpg\" alt=\"\" class=\"wp-image-2943\" srcset=\"https:\/\/mymanet.net\/wp-content\/uploads\/XXPassing-Rita-Looking-2-1024x832.jpg 1024w, https:\/\/mymanet.net\/wp-content\/uploads\/XXPassing-Rita-Looking-2-300x244.jpg 300w, https:\/\/mymanet.net\/wp-content\/uploads\/XXPassing-Rita-Looking-2-768x624.jpg 768w, https:\/\/mymanet.net\/wp-content\/uploads\/XXPassing-Rita-Looking-2-1536x1248.jpg 1536w, https:\/\/mymanet.net\/wp-content\/uploads\/XXPassing-Rita-Looking-2-2048x1664.jpg 2048w, https:\/\/mymanet.net\/wp-content\/uploads\/XXPassing-Rita-Looking-2-900x731.jpg 900w, https:\/\/mymanet.net\/wp-content\/uploads\/XXPassing-Rita-Looking-2-1280x1040.jpg 1280w\" sizes=\"(max-width: 1024px) 100vw, 1024px\" \/><\/figure>\n\n\n\n<p class=\"wp-block-paragraph\">Looking (2022)<\/p>\n\n\n\n<figure class=\"wp-block-image size-large\"><img loading=\"lazy\" decoding=\"async\" width=\"1024\" height=\"835\" src=\"https:\/\/mymanet.net\/wp-content\/uploads\/2022\/11\/Looking-4MB-1024x835.jpg\" alt=\"\" class=\"wp-image-2833\" srcset=\"https:\/\/mymanet.net\/wp-content\/uploads\/2022\/11\/Looking-4MB-1024x835.jpg 1024w, https:\/\/mymanet.net\/wp-content\/uploads\/2022\/11\/Looking-4MB-300x245.jpg 300w, https:\/\/mymanet.net\/wp-content\/uploads\/2022\/11\/Looking-4MB-768x626.jpg 768w, https:\/\/mymanet.net\/wp-content\/uploads\/2022\/11\/Looking-4MB-1200x978.jpg 1200w, https:\/\/mymanet.net\/wp-content\/uploads\/2022\/11\/Looking-4MB-900x734.jpg 900w, https:\/\/mymanet.net\/wp-content\/uploads\/2022\/11\/Looking-4MB-1280x1043.jpg 1280w, https:\/\/mymanet.net\/wp-content\/uploads\/2022\/11\/Looking-4MB.jpg 1460w\" sizes=\"(max-width: 1024px) 100vw, 1024px\" \/><\/figure>\n\n\n\n<p class=\"wp-block-paragraph\"><\/p>\n\n\n\n<p class=\"wp-block-paragraph\">Four Men: After David Park (2022)<\/p>\n\n\n\n<figure class=\"wp-block-image size-large\"><img loading=\"lazy\" decoding=\"async\" width=\"1024\" height=\"640\" src=\"https:\/\/mymanet.net\/wp-content\/uploads\/2022\/11\/FourMenTest2-Print2-1024x640.jpg\" alt=\"\" class=\"wp-image-2834\" srcset=\"https:\/\/mymanet.net\/wp-content\/uploads\/2022\/11\/FourMenTest2-Print2-1024x640.jpg 1024w, https:\/\/mymanet.net\/wp-content\/uploads\/2022\/11\/FourMenTest2-Print2-300x187.jpg 300w, https:\/\/mymanet.net\/wp-content\/uploads\/2022\/11\/FourMenTest2-Print2-768x480.jpg 768w, https:\/\/mymanet.net\/wp-content\/uploads\/2022\/11\/FourMenTest2-Print2-1536x959.jpg 1536w, https:\/\/mymanet.net\/wp-content\/uploads\/2022\/11\/FourMenTest2-Print2-1200x750.jpg 1200w, https:\/\/mymanet.net\/wp-content\/uploads\/2022\/11\/FourMenTest2-Print2-900x562.jpg 900w, https:\/\/mymanet.net\/wp-content\/uploads\/2022\/11\/FourMenTest2-Print2-1280x799.jpg 1280w, https:\/\/mymanet.net\/wp-content\/uploads\/2022\/11\/FourMenTest2-Print2.jpg 1894w\" sizes=\"(max-width: 1024px) 100vw, 1024px\" \/><\/figure>\n\n\n\n<p class=\"wp-block-paragraph\"><\/p>\n\n\n\n<p class=\"wp-block-paragraph\">Markku (2022)<\/p>\n\n\n\n<figure class=\"wp-block-image size-large is-resized\"><img loading=\"lazy\" decoding=\"async\" width=\"824\" height=\"1024\" src=\"https:\/\/mymanet.net\/wp-content\/uploads\/2022\/11\/Markku-824x1024.jpg\" alt=\"\" class=\"wp-image-2835\" style=\"width:401px;height:499px\" srcset=\"https:\/\/mymanet.net\/wp-content\/uploads\/2022\/11\/Markku-824x1024.jpg 824w, https:\/\/mymanet.net\/wp-content\/uploads\/2022\/11\/Markku-241x300.jpg 241w, https:\/\/mymanet.net\/wp-content\/uploads\/2022\/11\/Markku-768x954.jpg 768w, https:\/\/mymanet.net\/wp-content\/uploads\/2022\/11\/Markku-1236x1536.jpg 1236w, https:\/\/mymanet.net\/wp-content\/uploads\/2022\/11\/Markku-1200x1491.jpg 1200w, https:\/\/mymanet.net\/wp-content\/uploads\/2022\/11\/Markku-900x1118.jpg 900w, https:\/\/mymanet.net\/wp-content\/uploads\/2022\/11\/Markku.jpg 1241w\" sizes=\"(max-width: 824px) 100vw, 824px\" \/><\/figure>\n\n\n\n<p class=\"wp-block-paragraph\"><\/p>\n\n\n\n<p class=\"wp-block-paragraph\">Kriikuna (2022)<\/p>\n\n\n\n<figure class=\"wp-block-image size-large\"><img loading=\"lazy\" decoding=\"async\" width=\"1024\" height=\"793\" src=\"https:\/\/mymanet.net\/wp-content\/uploads\/2022\/11\/Kriikuna-1024x793.jpg\" alt=\"\" class=\"wp-image-2836\" srcset=\"https:\/\/mymanet.net\/wp-content\/uploads\/2022\/11\/Kriikuna-1024x793.jpg 1024w, https:\/\/mymanet.net\/wp-content\/uploads\/2022\/11\/Kriikuna-300x232.jpg 300w, https:\/\/mymanet.net\/wp-content\/uploads\/2022\/11\/Kriikuna-768x594.jpg 768w, https:\/\/mymanet.net\/wp-content\/uploads\/2022\/11\/Kriikuna-1536x1189.jpg 1536w, https:\/\/mymanet.net\/wp-content\/uploads\/2022\/11\/Kriikuna-2048x1585.jpg 2048w, https:\/\/mymanet.net\/wp-content\/uploads\/2022\/11\/Kriikuna-1200x929.jpg 1200w, https:\/\/mymanet.net\/wp-content\/uploads\/2022\/11\/Kriikuna-900x697.jpg 900w, https:\/\/mymanet.net\/wp-content\/uploads\/2022\/11\/Kriikuna-1280x991.jpg 1280w\" sizes=\"(max-width: 1024px) 100vw, 1024px\" \/><\/figure>\n\n\n\n<p class=\"wp-block-paragraph\"><\/p>\n\n\n\n<p class=\"wp-block-paragraph\">After Matisse (2021)<\/p>\n\n\n\n<figure class=\"wp-block-image size-large is-resized\"><img loading=\"lazy\" decoding=\"async\" width=\"1010\" height=\"1024\" src=\"https:\/\/mymanet.net\/wp-content\/uploads\/2022\/11\/Matisse-4MB-1010x1024.jpg\" alt=\"\" class=\"wp-image-2837\" style=\"width:513px;height:520px\" srcset=\"https:\/\/mymanet.net\/wp-content\/uploads\/2022\/11\/Matisse-4MB-1010x1024.jpg 1010w, https:\/\/mymanet.net\/wp-content\/uploads\/2022\/11\/Matisse-4MB-296x300.jpg 296w, https:\/\/mymanet.net\/wp-content\/uploads\/2022\/11\/Matisse-4MB-768x779.jpg 768w, https:\/\/mymanet.net\/wp-content\/uploads\/2022\/11\/Matisse-4MB-1200x1217.jpg 1200w, https:\/\/mymanet.net\/wp-content\/uploads\/2022\/11\/Matisse-4MB-88x88.jpg 88w, https:\/\/mymanet.net\/wp-content\/uploads\/2022\/11\/Matisse-4MB-900x913.jpg 900w, https:\/\/mymanet.net\/wp-content\/uploads\/2022\/11\/Matisse-4MB-1280x1298.jpg 1280w, https:\/\/mymanet.net\/wp-content\/uploads\/2022\/11\/Matisse-4MB.jpg 1339w\" sizes=\"(max-width: 1010px) 100vw, 1010px\" \/><\/figure>\n\n\n\n<p class=\"wp-block-paragraph\"><\/p>\n\n\n\n<p class=\"wp-block-paragraph\">Die Heimkehr des Hahns (Cock Returning Home) (2020)<\/p>\n\n\n\n<figure class=\"wp-block-image size-large is-resized\"><img loading=\"lazy\" decoding=\"async\" width=\"739\" height=\"1024\" src=\"https:\/\/mymanet.net\/wp-content\/uploads\/2022\/11\/Hahn-4MB-739x1024.jpg\" alt=\"\" class=\"wp-image-2838\" style=\"width:390px;height:540px\" srcset=\"https:\/\/mymanet.net\/wp-content\/uploads\/2022\/11\/Hahn-4MB-739x1024.jpg 739w, https:\/\/mymanet.net\/wp-content\/uploads\/2022\/11\/Hahn-4MB-217x300.jpg 217w, https:\/\/mymanet.net\/wp-content\/uploads\/2022\/11\/Hahn-4MB-768x1064.jpg 768w, https:\/\/mymanet.net\/wp-content\/uploads\/2022\/11\/Hahn-4MB-1109x1536.jpg 1109w, https:\/\/mymanet.net\/wp-content\/uploads\/2022\/11\/Hahn-4MB-900x1246.jpg 900w, https:\/\/mymanet.net\/wp-content\/uploads\/2022\/11\/Hahn-4MB.jpg 1112w\" sizes=\"(max-width: 739px) 100vw, 739px\" \/><\/figure>\n\n\n\n<p class=\"wp-block-paragraph\"><\/p>\n","protected":false},"excerpt":{"rendered":"<p>On this page, I collect artwork \u2013 created by myself, &#8211; suggested by you, &#8211; and examples from other painters. To introduce myself, I include a link to&nbsp;a video of a small virtual and&nbsp;personal exhibition: \u201cLooking back\u2026before moving forward 1960-2020\u201d on YouTube. VIDEO: &#8220;Looking back&#8230;&#8221; And here some recent work exhibited by the J\u00e4rvenp\u00e4\u00e4 Art [&hellip;]<\/p>\n","protected":false},"author":137664508,"featured_media":0,"parent":0,"menu_order":0,"comment_status":"closed","ping_status":"closed","template":"","meta":{"nf_dc_page":"","_crdt_document":"","footnotes":""},"class_list":["post-57","page","type-page","status-publish","hentry"],"yoast_head":"<!-- This site is optimized with the Yoast SEO plugin v27.4 - https:\/\/yoast.com\/product\/yoast-seo-wordpress\/ -->\n<title>My Gallery - My Manet \u2013 Your Manet<\/title>\n<meta name=\"robots\" content=\"index, follow, max-snippet:-1, max-image-preview:large, max-video-preview:-1\" \/>\n<link rel=\"canonical\" href=\"https:\/\/mymanet.net\/home\/my-gallery\/\" \/>\n<meta property=\"og:locale\" content=\"en_US\" \/>\n<meta property=\"og:type\" content=\"article\" \/>\n<meta property=\"og:title\" content=\"My Gallery - My Manet \u2013 Your Manet\" \/>\n<meta property=\"og:description\" content=\"On this page, I collect artwork \u2013 created by myself, &#8211; suggested by you, &#8211; and examples from other painters. To introduce myself, I include a link to&nbsp;a video of a small virtual and&nbsp;personal exhibition: \u201cLooking back\u2026before moving forward 1960-2020\u201d on YouTube. VIDEO: &#8220;Looking back&#8230;&#8221; And here some recent work exhibited by the J\u00e4rvenp\u00e4\u00e4 Art [&hellip;]\" \/>\n<meta property=\"og:url\" content=\"https:\/\/mymanet.net\/home\/my-gallery\/\" \/>\n<meta property=\"og:site_name\" content=\"My Manet \u2013 Your Manet\" \/>\n<meta property=\"article:modified_time\" content=\"2025-08-13T21:02:27+00:00\" \/>\n<meta property=\"og:image\" content=\"https:\/\/mymanet.net\/wp-content\/uploads\/WomenWaiting-outside-Lr-scaled.jpg\" \/>\n\t<meta property=\"og:image:width\" content=\"2560\" \/>\n\t<meta property=\"og:image:height\" content=\"2026\" \/>\n\t<meta property=\"og:image:type\" content=\"image\/jpeg\" \/>\n<meta name=\"twitter:card\" content=\"summary_large_image\" \/>\n<meta name=\"twitter:label1\" content=\"Est. reading time\" \/>\n\t<meta name=\"twitter:data1\" content=\"3 minutes\" \/>\n<script type=\"application\/ld+json\" class=\"yoast-schema-graph\">{\"@context\":\"https:\\\/\\\/schema.org\",\"@graph\":[{\"@type\":\"WebPage\",\"@id\":\"https:\\\/\\\/mymanet.net\\\/home\\\/my-gallery\\\/\",\"url\":\"https:\\\/\\\/mymanet.net\\\/home\\\/my-gallery\\\/\",\"name\":\"My Gallery - My Manet \u2013 Your Manet\",\"isPartOf\":{\"@id\":\"https:\\\/\\\/mymanet.net\\\/home\\\/#website\"},\"primaryImageOfPage\":{\"@id\":\"https:\\\/\\\/mymanet.net\\\/home\\\/my-gallery\\\/#primaryimage\"},\"image\":{\"@id\":\"https:\\\/\\\/mymanet.net\\\/home\\\/my-gallery\\\/#primaryimage\"},\"thumbnailUrl\":\"https:\\\/\\\/mymanet.net\\\/wp-content\\\/uploads\\\/WomenWaiting-outside-Lr-1024x811.jpg\",\"datePublished\":\"2022-04-26T12:18:21+00:00\",\"dateModified\":\"2025-08-13T21:02:27+00:00\",\"breadcrumb\":{\"@id\":\"https:\\\/\\\/mymanet.net\\\/home\\\/my-gallery\\\/#breadcrumb\"},\"inLanguage\":\"en-US\",\"potentialAction\":[{\"@type\":\"ReadAction\",\"target\":[\"https:\\\/\\\/mymanet.net\\\/home\\\/my-gallery\\\/\"]}]},{\"@type\":\"ImageObject\",\"inLanguage\":\"en-US\",\"@id\":\"https:\\\/\\\/mymanet.net\\\/home\\\/my-gallery\\\/#primaryimage\",\"url\":\"https:\\\/\\\/mymanet.net\\\/wp-content\\\/uploads\\\/WomenWaiting-outside-Lr-1024x811.jpg\",\"contentUrl\":\"https:\\\/\\\/mymanet.net\\\/wp-content\\\/uploads\\\/WomenWaiting-outside-Lr-1024x811.jpg\"},{\"@type\":\"BreadcrumbList\",\"@id\":\"https:\\\/\\\/mymanet.net\\\/home\\\/my-gallery\\\/#breadcrumb\",\"itemListElement\":[{\"@type\":\"ListItem\",\"position\":1,\"name\":\"Home\",\"item\":\"https:\\\/\\\/mymanet.net\\\/home\\\/\"},{\"@type\":\"ListItem\",\"position\":2,\"name\":\"My Gallery\"}]},{\"@type\":\"WebSite\",\"@id\":\"https:\\\/\\\/mymanet.net\\\/home\\\/#website\",\"url\":\"https:\\\/\\\/mymanet.net\\\/home\\\/\",\"name\":\"My Manet \u2013 Your Manet\",\"description\":\"Explorations of Edouard Manet&#039;s paintings with diagrams\",\"potentialAction\":[{\"@type\":\"SearchAction\",\"target\":{\"@type\":\"EntryPoint\",\"urlTemplate\":\"https:\\\/\\\/mymanet.net\\\/home\\\/?s={search_term_string}\"},\"query-input\":{\"@type\":\"PropertyValueSpecification\",\"valueRequired\":true,\"valueName\":\"search_term_string\"}}],\"inLanguage\":\"en-US\"}]}<\/script>\n<!-- \/ Yoast SEO plugin. -->","yoast_head_json":{"title":"My Gallery - My Manet \u2013 Your Manet","robots":{"index":"index","follow":"follow","max-snippet":"max-snippet:-1","max-image-preview":"max-image-preview:large","max-video-preview":"max-video-preview:-1"},"canonical":"https:\/\/mymanet.net\/home\/my-gallery\/","og_locale":"en_US","og_type":"article","og_title":"My Gallery - My Manet \u2013 Your Manet","og_description":"On this page, I collect artwork \u2013 created by myself, &#8211; suggested by you, &#8211; and examples from other painters. To introduce myself, I include a link to&nbsp;a video of a small virtual and&nbsp;personal exhibition: \u201cLooking back\u2026before moving forward 1960-2020\u201d on YouTube. VIDEO: &#8220;Looking back&#8230;&#8221; And here some recent work exhibited by the J\u00e4rvenp\u00e4\u00e4 Art [&hellip;]","og_url":"https:\/\/mymanet.net\/home\/my-gallery\/","og_site_name":"My Manet \u2013 Your Manet","article_modified_time":"2025-08-13T21:02:27+00:00","og_image":[{"width":2560,"height":2026,"url":"https:\/\/mymanet.net\/wp-content\/uploads\/WomenWaiting-outside-Lr-scaled.jpg","type":"image\/jpeg"}],"twitter_card":"summary_large_image","twitter_misc":{"Est. reading time":"3 minutes"},"schema":{"@context":"https:\/\/schema.org","@graph":[{"@type":"WebPage","@id":"https:\/\/mymanet.net\/home\/my-gallery\/","url":"https:\/\/mymanet.net\/home\/my-gallery\/","name":"My Gallery - My Manet \u2013 Your Manet","isPartOf":{"@id":"https:\/\/mymanet.net\/home\/#website"},"primaryImageOfPage":{"@id":"https:\/\/mymanet.net\/home\/my-gallery\/#primaryimage"},"image":{"@id":"https:\/\/mymanet.net\/home\/my-gallery\/#primaryimage"},"thumbnailUrl":"https:\/\/mymanet.net\/wp-content\/uploads\/WomenWaiting-outside-Lr-1024x811.jpg","datePublished":"2022-04-26T12:18:21+00:00","dateModified":"2025-08-13T21:02:27+00:00","breadcrumb":{"@id":"https:\/\/mymanet.net\/home\/my-gallery\/#breadcrumb"},"inLanguage":"en-US","potentialAction":[{"@type":"ReadAction","target":["https:\/\/mymanet.net\/home\/my-gallery\/"]}]},{"@type":"ImageObject","inLanguage":"en-US","@id":"https:\/\/mymanet.net\/home\/my-gallery\/#primaryimage","url":"https:\/\/mymanet.net\/wp-content\/uploads\/WomenWaiting-outside-Lr-1024x811.jpg","contentUrl":"https:\/\/mymanet.net\/wp-content\/uploads\/WomenWaiting-outside-Lr-1024x811.jpg"},{"@type":"BreadcrumbList","@id":"https:\/\/mymanet.net\/home\/my-gallery\/#breadcrumb","itemListElement":[{"@type":"ListItem","position":1,"name":"Home","item":"https:\/\/mymanet.net\/home\/"},{"@type":"ListItem","position":2,"name":"My Gallery"}]},{"@type":"WebSite","@id":"https:\/\/mymanet.net\/home\/#website","url":"https:\/\/mymanet.net\/home\/","name":"My Manet \u2013 Your Manet","description":"Explorations of Edouard Manet&#039;s paintings with diagrams","potentialAction":[{"@type":"SearchAction","target":{"@type":"EntryPoint","urlTemplate":"https:\/\/mymanet.net\/home\/?s={search_term_string}"},"query-input":{"@type":"PropertyValueSpecification","valueRequired":true,"valueName":"search_term_string"}}],"inLanguage":"en-US"}]}},"amp_enabled":true,"_links":{"self":[{"href":"https:\/\/mymanet.net\/home\/wp-json\/wp\/v2\/pages\/57","targetHints":{"allow":["GET"]}}],"collection":[{"href":"https:\/\/mymanet.net\/home\/wp-json\/wp\/v2\/pages"}],"about":[{"href":"https:\/\/mymanet.net\/home\/wp-json\/wp\/v2\/types\/page"}],"author":[{"embeddable":true,"href":"https:\/\/mymanet.net\/home\/wp-json\/wp\/v2\/users\/137664508"}],"replies":[{"embeddable":true,"href":"https:\/\/mymanet.net\/home\/wp-json\/wp\/v2\/comments?post=57"}],"version-history":[{"count":4,"href":"https:\/\/mymanet.net\/home\/wp-json\/wp\/v2\/pages\/57\/revisions"}],"predecessor-version":[{"id":2949,"href":"https:\/\/mymanet.net\/home\/wp-json\/wp\/v2\/pages\/57\/revisions\/2949"}],"wp:attachment":[{"href":"https:\/\/mymanet.net\/home\/wp-json\/wp\/v2\/media?parent=57"}],"curies":[{"name":"wp","href":"https:\/\/api.w.org\/{rel}","templated":true}]}}